{"id":2182,"date":"2021-02-13T15:33:28","date_gmt":"2021-02-13T15:33:28","guid":{"rendered":"https:\/\/internationalequineinformation.com\/?page_id=2182"},"modified":"2021-02-13T15:33:29","modified_gmt":"2021-02-13T15:33:29","slug":"consejos-para-el-manejo-de-caballos-parte-3","status":"publish","type":"page","link":"https:\/\/internationalequineinformation.com\/en\/consejos-para-el-manejo-de-caballos-parte-3\/","title":{"rendered":"Consejos para el Manejo de Caballos parte 3"},"content":{"rendered":"\n<p>Concejos para Manejo y Entrenamiento de Caballos<\/p>\n\n\n\n<p>Por<\/p>\n\n\n\n<p>Randall Ray Arms<\/p>\n\n\n\n<p><strong>Introducci\u00f3n<\/strong><\/p>\n\n\n\n<p>Este blog est\u00e1 hecho con el fin de ayudar las personas de todo nivel que est\u00e1n entrenando caballos. Como principalmente nuestros seguidores son de disciplinas vaqueras, muchos de los videos tratan de esas razas y sus respectivas preparaciones para competencias. No obstante, estaremos siempre anuente a recibir videos de cortas sesiones de entrenamiento evidenciando problemas que podemos observar, analizar y contemplar compartir con este grupo, de considerar qu es un tema de amplio inter\u00e9s.<\/p>\n\n\n\n<p>No hay que olvidar que la base de la equitaci\u00f3n no est\u00e1 en las manos que dirigen el bocado, ni en las piernas y pies que accionan las espuelas. Por algo le dicen \u201cayudas\u201d, ya que ellos son un complemento a la indicaci\u00f3n que d\u00e1 el n\u00facleo de nuestro cuerpo que establece nuestro asiento en la montura. Un buen jinete va acudir a su n\u00facleo siempre como la principal comunicaci\u00f3n y luego usa las ayudas para acentuar ese mensaje, o enfatizarlo con m\u00e1s agudez, o incluso corregir una falta de respuesta a una petici\u00f3n inicial del n\u00facleo. Si se puede cultivar esa mentalidad, su rendimiento como jinete mejorar\u00e1 much\u00edsimo, incrementando los resultados mientras le dar\u00e1 una ventaja comparativa con otros que no ponen estos principios en pr\u00e1ctica.&nbsp;<br><br>Para muchos de mis amigos probablemente algunos de estos consejos sonaran a detalles muy s\u00fatiles y sin importancia ante una mentalidad m\u00e1s r\u00fastica de una disciplina vaquera. Pero vale la pena recordar que hubo muchas formaciones vaqueras que llegaron a entender el \u201carte\u201d detr\u00e1s de la equitaci\u00f3n.&nbsp;&nbsp;Mi esperanza es que este blog pueda ayudar a m\u00e1s de uno ser un ejemplo del valor que tiene esta cultura ecuestre basado en la uni\u00f3n emocional y el respeto por el rol que forma el jinete tanto como el caballo en dar los resultados \u00f3ptimos, sea en su trato en el suelo o arriba de sus lomos.<\/p>\n\n\n\n<p>Para los amigos y amigas que tienen un problema con su caballo, por favor escr\u00edbanos en el contacto de la p\u00e1gina web&nbsp;<a href=\"http:\/\/www.internationalequineinformation.com\/\">www.internationalequineinformation.com<\/a>&nbsp;donde tenga a bien de enviar el enlace de la aplicaci\u00f3n de video que tiene su corta grabaci\u00f3n que no pase de tres (3) minutos presentando el problema de su caballo.<\/p>\n\n\n\n<p>Esperamos que esto ayude no solo a quien toma el tiempo de enviarnos sus videos, pero tambi\u00e9n a una amplia gama de caballeristas que representan m\u00faltiples razas en el mundo entero.&nbsp;&nbsp;&nbsp;&nbsp;<\/p>\n\n\n\n<p><strong>CASO No. 3<\/strong><\/p>\n\n\n\n<p><strong>Un caballo da la vuelta el picadero en un trote lento y relajado. Despu\u00e9s de una vuelta y media el jinete lo para con un liviano tir\u00f3n de la rienda que causa que el ejemplar abra la boca al parar.&nbsp;<\/strong><\/p>\n\n\n\n<p><strong>OBSERVACIONES<\/strong><br><br>En este caso me gust\u00f3 la vuelta al trote en el sentido que el cuerpo del jinete&nbsp;iba bien erecto y balanceado, las riendas ten\u00edan suficiente soltura para no presionar el bocado y hab\u00eda mucha comodidad en el trabajo entre ambos.&nbsp;<\/p>\n\n\n\n<p>Despu\u00e9s de lograr esta actuaci\u00f3n con muestra de un trote de gran confianza y comodidad, se puede pedir sutilmente a estas vueltas una flexi\u00f3n lateral. O sea, se solicita al caballo doblar el cuello a un lado mientras el cuerpo del caballo sigue recto. Estas flexiones laterales se deben hacer para ambos lados, turn\u00e1ndolas con un periodo de trote con el cuello recto entre medio.&nbsp;<\/p>\n\n\n\n<p>Cuando la flexi\u00f3n lateral al trote se domina plenamente, se puede empezar a solicitar una flexi\u00f3n vertical donde el perfil facial se sostiene en una posici\u00f3n a plomo. Claro est\u00e1, que esto asume que todos estos movimientos se ense\u00f1aron con el caballo parado primero. &nbsp;Esto se sigue practicando hasta que el caballo puede sostener la flexi\u00f3n vertical por varios trancos sin presi\u00f3n del bocado. Este ejercicio es muy importante para m\u00e1s adelante hacer unas buenas metidas de pata con un caballo que sabe ceder su nuca y quijada ante la m\u00e1s leve presi\u00f3n de la rienda.&nbsp;<br><br>Lo \u00fanico que puedo indicar como cr\u00edtica constructiva en este caso es que el caballo que ven\u00eda trabajando relajado y cooperador lleg\u00f3 a parar por obligaci\u00f3n y no por comprensi\u00f3n. Aunque no se tirone\u00f3 fuerte al parar, ya mostr\u00f3 su h\u00e1bito de defenderse ante el abuso del freno,&nbsp;al abrir su boca.&nbsp;<\/p>\n\n\n\n<p><br>A esa velocidad no hay raz\u00f3n en el mundo de no poder pararlo con puro lenguaje de cuerpo. No hacia falta la riendas ni el bocado y su relaci\u00f3n me indicar\u00eda a m\u00ed que no se ha dado la prioridad a relacionar el cambio del centro de gravedad del jinete con el acto de parar mientras probablemente la se\u00f1alizaci\u00f3n principal para parar ha sido un tir\u00f3n continuo hasta que el caballo detiene su movimiento progresivo.&nbsp;<\/p>\n\n\n\n<p>Este caso resalta el hecho que desde que tenemos caballos j\u00f3venes en amansa tenemos que ense\u00f1ar m\u00faltiples ayudas para los caballos, de los cuales el jalar las riendas es posiblemente el menos importante. Con el tiempo el caballo aprender\u00e1 aceptar las se\u00f1ales livianas que da su jinete con las manos, sin abrir su boca porque no asociar\u00e1 el bocado con dolor o incomodidad.&nbsp;<br><br>As\u00ed que tenemos que hacernos el objetivo de repetir paradas a todas las velocidades (y en esta etapa ninguna debe ser r\u00e1pida) principalmente usando las ayudas del lenguaje de cuerpo, estirar los estribos adelante del vertical, se\u00f1ales orales que nuestros caballos asocian con detenerse y en lo menos&nbsp;posible la liviana se\u00f1alizaci\u00f3n del bocado. Tan importante como dar muestra de estas ayudas para parar es dejar de hacerlas a penas inicia el proceso de detenerse y al quedar totalmente inm\u00f3vil volver nuestros cuerpos a la posici\u00f3n neutral.&nbsp;<\/p>\n\n\n\n<p>Hay que enfatizar que especialmente al inicio es una gran ayuda que vayas acondicionando el caballo&nbsp;a alguna se\u00f1al verbal cada vez que paras. Lo tradicional en EEUU es un largo y lento \u201cWhoa\u201d ( en castellano ser\u00eda pronunciado \u201cjuooo\u201d). Tambi\u00e9n hay quieres usan un silbido. Otros usan una fuerte expiraci\u00f3n por la boca ya que esto no solo hace un sonido que el caballo capta, pero tambi\u00e9n le permite sentir el relajamiento del cuerpo del jinete al expirar. &nbsp;Lo que sea que se use, lo importante es que seas consistente y que lo uses cuando paras el caballo a cualquiera velocidad. Tambi\u00e9n puedes probar parar el caballo solamente con una de las alternativas que le has ense\u00f1ado. De esta manera cuando tienes necesidad de una parada realmente importante, usaras todas las ayudas que tienes a mano y el impacto en el caballo ser\u00e1 mayor. As\u00ed que vaya creando un h\u00e1bito productivo que servir\u00e1 m\u00e1s adelante con paradas impresionantes a toda velocidad.&nbsp;<\/p>\n\n\n\n<p>Randall Ray Arms, PAS<\/p>\n\n\n\n<p>Professional Animal Scientist<\/p>\n\n\n\n<p>Equine Specialist<\/p>\n","protected":false},"excerpt":{"rendered":"<p>Concejos para Manejo y Entrenamiento de Caballos Por Randall Ray Arms Introducci\u00f3n Este blog est\u00e1 hecho con el fin de ayudar las personas de todo nivel que est\u00e1n entrenando caballos. Como principalmente nuestros seguidores son de disciplinas vaqueras, muchos de los videos tratan de esas razas y sus respectivas preparaciones para competencias. No obstante, estaremos&hellip;<\/p>\n","protected":false},"author":3,"featured_media":0,"parent":0,"menu_order":0,"comment_status":"closed","ping_status":"closed","template":"","meta":[],"_links":{"self":[{"href":"https:\/\/internationalequineinformation.com\/en\/wp-json\/wp\/v2\/pages\/2182"}],"collection":[{"href":"https:\/\/internationalequineinformation.com\/en\/wp-json\/wp\/v2\/pages"}],"about":[{"href":"https:\/\/internationalequineinformation.com\/en\/wp-json\/wp\/v2\/types\/page"}],"author":[{"embeddable":true,"href":"https:\/\/internationalequineinformation.com\/en\/wp-json\/wp\/v2\/users\/3"}],"replies":[{"embeddable":true,"href":"https:\/\/internationalequineinformation.com\/en\/wp-json\/wp\/v2\/comments?post=2182"}],"version-history":[{"count":1,"href":"https:\/\/internationalequineinformation.com\/en\/wp-json\/wp\/v2\/pages\/2182\/revisions"}],"predecessor-version":[{"id":2183,"href":"https:\/\/internationalequineinformation.com\/en\/wp-json\/wp\/v2\/pages\/2182\/revisions\/2183"}],"wp:attachment":[{"href":"https:\/\/internationalequineinformation.com\/en\/wp-json\/wp\/v2\/media?parent=2182"}],"curies":[{"name":"wp","href":"https:\/\/api.w.org\/{rel}","templated":true}]}}