{"id":1524,"date":"2020-05-19T21:39:11","date_gmt":"2020-05-19T21:39:11","guid":{"rendered":"https:\/\/internationalequineinformation.com\/?page_id=1524"},"modified":"2020-05-19T21:39:13","modified_gmt":"2020-05-19T21:39:13","slug":"por-que-el-caballo-chileno-de-pura-raza-es-una-de-las-razas-de-caballos-vaquero-mas-fascinantes-del-mundo","status":"publish","type":"page","link":"https:\/\/internationalequineinformation.com\/en\/por-que-el-caballo-chileno-de-pura-raza-es-una-de-las-razas-de-caballos-vaquero-mas-fascinantes-del-mundo\/","title":{"rendered":"\u00bfPor Qu\u00e9 el Caballo Chileno de Pura Raza es una de las razas de caballos vaquero m\u00e1s fascinantes del mundo?"},"content":{"rendered":"\n<figure class=\"wp-block-table\"><table><tbody><tr><td class=\"has-text-align-center\" data-align=\"center\"><strong>En este sitio aprender\u00e1 sobre una de las razas de caballos vaqueros m\u00e1s fascinantes del mundo<\/strong><br><br> <strong>\u00bfSab\u00edas que el caballo chileno es la raza de caballos de stock registrada m\u00e1s antigua de Am\u00e9rica?<\/strong> <br><br><strong>\u00bfSab\u00edas que el caballo chileno es una raza nativa de origen 100% ib\u00e9rico criado por jinetes que lo han seleccionado por excelencia desde 1544?<\/strong><br><br><strong>\u00bfSab\u00eda que el caballo chileno es el \u00fanico caballo vaquero del continente Americano,  que ha mantenido un registro cerrado que no se cruz\u00f3 a prop\u00f3sito con ninguna otra raza antes o despu\u00e9s de que su registro formal comenzara en 1893<\/strong><br><br><strong>\u00bfSab\u00eda que el Caballo chileno ha sido seleccionado para un solo evento de caballo vaquero durante los \u00faltimos 160 a\u00f1os y que este evento es muy probablemente el evento de caballos vaqueros m\u00e1s exigente f\u00edsica y mentalmente en el mundo?<\/strong><br> <img loading=\"lazy\" width=\"550\" height=\"355\" class=\"wp-image-1526\" style=\"width: 150px;\" src=\"https:\/\/internationalequineinformation.com\/wp-content\/uploads\/2020\/05\/topendo-en-campo.jpg\" alt=\"\" srcset=\"https:\/\/internationalequineinformation.com\/wp-content\/uploads\/2020\/05\/topendo-en-campo.jpg 550w, https:\/\/internationalequineinformation.com\/wp-content\/uploads\/2020\/05\/topendo-en-campo-300x194.jpg 300w\" sizes=\"(max-width: 550px) 100vw, 550px\" \/><br><strong>\u00bfSab\u00eda que el Caballo chileno ha sido seleccionado continuamente por sus instintos de trabajo con vacas durante m\u00e1s de 450 a\u00f1os y que sus valientes atributos tambi\u00e9n fueron probados durante 345 a\u00f1os en una guerra en curso contra los ind\u00edgenas mapuches, la Guerra de la Independencia y la Guerra del Pac\u00edfico?<\/strong> <br><br><strong>\u00bfSab\u00eda que el primer semental de caballos chileno que se import\u00f3 a los Estados Unidos gan\u00f3 el Rienda de Estilo Libre del Campeonato Nacional de NRHA en Oklahoma City y el segundo semental fue segundo en la Divisi\u00f3n Intermedia No Profesional del Derby de NRHA?<\/strong><br><br> <strong>\u00bfSab\u00edas que el prototipo ideal del caballo chileno era un semental nacido en 1858 y que el Est\u00e1ndar de Raza se formaliz\u00f3 en 1921 describiendo el mismo tipo de caballo que todav\u00eda se produce con orgullo en la actualidad?<\/strong><br> <br><strong>\u00bfSab\u00edas que el caballo chileno es el \u00fanico caballo vaquero del continente Americano que cumple con la definici\u00f3n cl\u00e1sica de una raza verdadera, una que agrupa a individuos estrechamente relacionados, con un tipo y temperamento definidos y f\u00e1cilmente distinguibles que reproducen consistentemente estas caracter\u00edsticas, que son m\u00e1s adecuadas para una funci\u00f3n espec\u00edfica en un entorno particular?<\/strong> <strong>\u00a0<\/strong><br><br><\/td><\/tr><\/tbody><\/table><\/figure>\n\n\n\n<p><strong>\u00a9 2020 ChileanHorse.com<\/strong><\/p>\n","protected":false},"excerpt":{"rendered":"<p>En este sitio aprender\u00e1 sobre una de las razas de caballos vaqueros m\u00e1s fascinantes del mundo \u00bfSab\u00edas que el caballo chileno es la raza de caballos de stock registrada m\u00e1s antigua de Am\u00e9rica? \u00bfSab\u00edas que el caballo chileno es una raza nativa de origen 100% ib\u00e9rico criado por jinetes que lo han seleccionado por excelencia&hellip;<\/p>\n","protected":false},"author":3,"featured_media":0,"parent":0,"menu_order":0,"comment_status":"closed","ping_status":"closed","template":"","meta":[],"_links":{"self":[{"href":"https:\/\/internationalequineinformation.com\/en\/wp-json\/wp\/v2\/pages\/1524"}],"collection":[{"href":"https:\/\/internationalequineinformation.com\/en\/wp-json\/wp\/v2\/pages"}],"about":[{"href":"https:\/\/internationalequineinformation.com\/en\/wp-json\/wp\/v2\/types\/page"}],"author":[{"embeddable":true,"href":"https:\/\/internationalequineinformation.com\/en\/wp-json\/wp\/v2\/users\/3"}],"replies":[{"embeddable":true,"href":"https:\/\/internationalequineinformation.com\/en\/wp-json\/wp\/v2\/comments?post=1524"}],"version-history":[{"count":1,"href":"https:\/\/internationalequineinformation.com\/en\/wp-json\/wp\/v2\/pages\/1524\/revisions"}],"predecessor-version":[{"id":1527,"href":"https:\/\/internationalequineinformation.com\/en\/wp-json\/wp\/v2\/pages\/1524\/revisions\/1527"}],"wp:attachment":[{"href":"https:\/\/internationalequineinformation.com\/en\/wp-json\/wp\/v2\/media?parent=1524"}],"curies":[{"name":"wp","href":"https:\/\/api.w.org\/{rel}","templated":true}]}}