{"id":1504,"date":"2020-05-11T18:13:59","date_gmt":"2020-05-11T18:13:59","guid":{"rendered":"https:\/\/internationalequineinformation.com\/?page_id=1504"},"modified":"2020-05-11T18:52:55","modified_gmt":"2020-05-11T18:52:55","slug":"doma-racional-o-doma-natural","status":"publish","type":"page","link":"https:\/\/internationalequineinformation.com\/en\/doma-racional-o-doma-natural\/","title":{"rendered":"\u00bfDoma Racional o Doma Natural?"},"content":{"rendered":"\n<p><strong>\u00bfDoma Racional o Doma Natural?<\/strong><\/p>\n\n\n\n<p><strong>Randall Ray Arms<\/strong><\/p>\n\n\n\n<p><strong>Hace unos a\u00f1os que se esta haciendo m\u00e1s popular el iniciar los caballos con m\u00e9todos que son m\u00e1s respetuosos del caballo que la amansa bruta que por tantos a\u00f1os ha perdurado en la tradici\u00f3n. La idea es ganarle el respeto al caballo de manera que uno puede encaminarlo por una serie de pasos progresivos que permiten una mayor probabilidad de aceptaci\u00f3n a la eventual monta del jinete.<\/strong><\/p>\n\n\n\n<p><strong>Muchos t\u00e9rminos se usan para describir estos antiguos procedimientos que \u00faltimamente se est\u00e1n reintroduciendo al mundo ecuestre con mucha efectividad. Debido a un libro popular y una subsiguiente pelicula, el termino de \u201cSusurradores de Caballos\u201d (horse whisperers) frecuentemente se usa para describir la gente que ha desarrollado estos sensitivos modos de comunicarse con el equino. Como somos bueno para castellanizar palabras populares en Ingles, probablemente con tiempo la profesi\u00f3n se conocer\u00e1 como\u201cJors Huisperadores\u201d.  Pero en una veta mas seria, el procedimiento en Chile, generalmente se llama \u201cLa Amansa Racional\u201d mientras en EE.UU. es m\u00e1s com\u00fan el vocablo que se podr\u00eda traducir como la \u201cAmansa Natural\u201d.<\/strong><\/p>\n\n\n\n<p><strong>Hace poco le\u00ed una revista Espa\u00f1ola que discrepaba con el uso intercambiable de estos \u00faltimos dos t\u00e9rminos. El alegato, bastante l\u00f3gico por cierto, era que en la Amansa Racional, se racionaliza m\u00e9todos que son m\u00e1s efectivos y seguros para el hombre. En cambio, no siempre toman en cuenta lo que es m\u00e1s f\u00e1cil para que el caballo lo entienda dentro del comportamiento que le es propio.Por ejemplo, hay quienes manean los caballos en distintas etapas del procedimiento para inmovilizar el caballo mientras el domador corre menos riesgo. Esta t\u00e1ctica es razonable debido a que el caballo es un animal de presa, que se defiende con su capacidad de huida. Al quitarle esa alternativa, imposibilita el caballo despegarse del amansador, tampoco puede f\u00e1cilmente hacerle da\u00f1o al entrenador, y sicol\u00f3gicamente se entrega al realizar que esta totalmente indefenso.<\/strong><\/p>\n\n\n\n<p><strong>Amarrar una mano o pata para arriba, no deja de tener su peque\u00f1o riesgo para animales que reaccionan violentamente dejando caer todo su peso en una sola extremidad. Hay quienes evitan esto maneando las dos manos juntas para que pueda soportar todo su peso en las cuatro patas, mientras quedan paralizado por restringir los pasos independientes que normalmente ejecutan en el movimiento hacia delante. Pero aquellos individuos m\u00e1s rebeldes o asustadizos, pueden hacer unos movimientos incre\u00edbles al sentir el p\u00e1nico de la detenci\u00f3n. He visto caballos que en un salto salvaje para arriba y adelante han quedado con el tal\u00f3n del casco de una pata enganchado por arriba de la manea que ajunta mas manos. Al caer al suelo, la fuerza que hacen para tratar de soltarse es impactante. No solo es dif\u00edcil soltarlo de su predicamento, pero tambi\u00e9n el caballo se arriesga desgarros por una luchar tan intensa. Obviamente cualquier animal que ha tenido estas reacciones, sufra o no consecuencias f\u00edsicas, quedar\u00e1 con cicatrices profundas en la confianza que puede tener por el hombre.<\/strong><\/p>\n\n\n\n<p><strong>Otras, practicas antiguas que han salido a flote con nuevos vendedores de m\u00e9todos de amansa, es el botar el caballo al suelo con amarres que limitan su movimiento mientras aplican presiones desequilibrantes. Nuevamente la inmovilizaci\u00f3n del caballo r\u00e1pidamente le quiebra el esp\u00edritu de lucha a la mayor\u00eda de caballos. Reconozco que muchos de los que hacen esta labor tienen una t\u00e9cnica buena que causa poco dolor f\u00edsico al caballo, pero indudablemente el efecto psicol\u00f3gico de denigraci\u00f3n es algo que no se parece a nada en la vida normal de un caballo silvestre.<\/strong><\/p>\n\n\n\n<p><strong>Hay quienes impresionan su publico recost\u00e1ndose sobre el animal echado y acarici\u00e1ndolo por todos lados con mucha sensibilidad. Si bien la intenci\u00f3n es buena, est\u00e1 claro que esta es una t\u00e1ctica racional para el hombre que asegura ya no estar en peligro. Definitivamente no es un procedimiento natural para el caballo que desconoce este tipo de lenguaje entre los miembros de su especie.<\/strong><\/p>\n\n\n\n<p><strong>Desgraciadamente estos modos tambi\u00e9n tienen su riesgo con animales de mucho esp\u00edritu de lucha. Nunca olvidar\u00e9, un profesor mi universidad que nos mostr\u00f3 este m\u00e9todo con un Appaloosa particularmente dif\u00edcil. El caballo lucho, y lucho por soltarse de sus confines y nuestro profesor aseguro que el tiempo causar\u00eda el animal rendirse, pero para su verg\u00fcenza, finalmente acabo con la vida del orgulloso ejemplar.<\/strong><\/p>\n\n\n\n<p><strong>Hay otras metodolog\u00edas que se han propagado a trav\u00e9s de la historia, que tambi\u00e9n fueron ampliamente probados por tribus de nativos. Las primeras montas se hac\u00edan en un r\u00edo donde la profundidad del agua dificultaba la lucha del caballo, mientras asegura menos da\u00f1os a un jinete que se fuese botado de su cabalgadura. Nuevamente estos m\u00e9todos \u201cracionales\u201d\u00a0 buscaban una mayor efectividad debajo par\u00e1metros que confinaban las opciones del caballo, mientras disminu\u00edan los riesgos para los amansadores.<\/strong><\/p>\n\n\n\n<p><strong>A diferencia, la Doma Natural se concentra en tratar de buscar la sumisi\u00f3n del equino apelando a su propio criterio de optar acercarse a un domador que usa un lenguaje de cuerpo que es interpretable por el caballo. Para esto es importante que el domador entienda bien como, y a que distancia, debe colocar su cuerpo en relaci\u00f3n al caballo. Igualmente importante es que el mismo sepa interpretar las se\u00f1ales que le da el caballo para iniciar un intercambio de acciones que van fortaleciendo la idea del acercamiento. Finalmente, cuando el objetivo se logra, el caballo debe sentir una mayor seguridad, tranquilidad y descanso estando al lado del domador, que estando lejos. Cuando esto se logra, el caballo opta por aceptar la dominancia pasiva del humano y seguirlo donde sea que se dirige, mostrando una uni\u00f3n con ese nuevo miembro de su manada, que ahora se compone de dos individuos.<\/strong><\/p>\n\n\n\n<p><strong>Inicialmente se populariz\u00f3 la idea de pensar que el hombre debiera imitar el miembro alfa de la manada caballar. O sea, el mandam\u00e1s que tiene el mayor respeto. Usualmente esto se identificaba como el padrillo de la manada, que con actos de agresi\u00f3n antes comportamientos no deseados, manten\u00eda todos los miembros de su harem en su lugar. Sin duda hay amansadores que imitan este comportamiento. Tienen claro que tienen que buscar la entrega que lleva el caballo a unirse con ellos, pero cuando lo logran, abusan de ella. Cuando ya el caballo est\u00e1 reconociendo que es el segundo en comando, algunos domadores \u201cahorran tiempo\u201d castigando el caballo cuando elige una acci\u00f3n equivocada en vez de premiar la decisi\u00f3n correcta.<\/strong><\/p>\n\n\n\n<p><strong>Es interesante, que en las manadas silvestres generalmente el verdadero l\u00edder es una yegua de mas edad. Por lo general los potros tienden a perder su jerarqu\u00eda cada 4 o 5 a\u00f1os ante j\u00f3venes mas dotados que continuamente retan su posici\u00f3n. En cambio la yegua cabecilla es la que tiene los a\u00f1os de experiencia de donde est\u00e1n los nutrientes claves en distintas \u00e9pocas del a\u00f1o, los mejores senderos para huir de un peligro, en fin mucha de la sabidur\u00eda que asegura la sobre vivencia de la manada. Ning\u00fan animal duda del criterio de la yegua gu\u00eda y generalmente solo la vejez o un accidente mortal la hace perder su rango. Por lo tanto este animal tiene una dominancia, pero pasiva. Es realmente respetada por los dem\u00e1s animales en la manada, pero muy raras veces ella tiene que optar a la agresi\u00f3n para obtener seguidores. Creo que hace m\u00e1s l\u00f3gica que el domador trate de imitar este ser asertivo, que vela por los intereses de sus subalternos que tambi\u00e9n respeta, para ir creando una sociedad m\u00e1s cooperadora con el caballo que espera amigar.<\/strong><\/p>\n\n\n\n<p><strong>\u00daltimamente, a Chile llego una nueva t\u00e1ctica donde se aplica los principios b\u00e1sicos de una doma natural, en lo cual el domador trabaja con mucho \u00e9nfasis en obtener la flexi\u00f3n lateral en los caballos antes de montar. Se sabe que el caballo dif\u00edcilmente puede corcovear cuando tiene la cabeza doblada para un lado, y creo que el razonamiento detr\u00e1s de esta metodolog\u00eda es precisamente tener m\u00e1s seguridad de controlar el caballo en el momento que el jinete se instala en la montura.<\/strong><\/p>\n\n\n\n<p><strong>A mi criterio esto es un peque\u00f1o desv\u00edo de la amansa natural, a la amansa racional. Lo ense\u00f1ado es ese momento tienen muy poco entendimiento en el lenguaje de los equinos. Realmente no facilita nada en particular al entendimiento del equino en su primer d\u00eda de doma. Est\u00e1 claro que lo que se busca es tener un \u201cseguro\u201d para poder disminuir los riesgos cuando se efect\u00faa la primera monta.<\/strong><\/p>\n\n\n\n<p><strong>Mi problema con esta teor\u00eda, es que uno esta gastando minutos preciosos energ\u00eda y\u00a0 concentraci\u00f3n del caballo, para ense\u00f1arle un movimiento que contrarresta el impulso de mover hacia delante. En mi forma de pensar, lo m\u00e1s importante para un caballo en doma es tener confianza en un domador. Si le tiene confianza, autom\u00e1ticamente tendr\u00e1 un grado de respeto, y con respeto le va a prestar atenci\u00f3n. Teniendo esta atenci\u00f3n, el domador asegurara que el caballo domine 5 comandos b\u00e1sicos. Cuatro tienen que ver con impulsos en distintas direcciones y velocidades y el quinto es aflojar todo impulso, o sea, parar.<\/strong><\/p>\n\n\n\n<p><strong>Si el domador lograr ganar la confianza del caballo para aceptar la montura y su persona encima, es muy dif\u00edcil que el caballo no entregue la confianza de impulsar los dos en la direcci\u00f3n y velocidad deseada. La energ\u00eda y concentraci\u00f3n del caballo en este primer d\u00eda de clases, se tiene que aprovechar para esto m\u00e1s que nada. Realmente hasta que no domine muy bien el concepto de proyectarse adelante en diversas velocidades y parar cuando es pedido, no es l\u00f3gico a mi juicio enfocar en las flexiones laterales. Incluso, por uno a dos meses, el mensaje constantemente reforzado en la educaci\u00f3n del caballo debe ser: mover cuando siente presi\u00f3n y que siga la direcci\u00f3n de su cabeza.<\/strong><\/p>\n\n\n\n<p><strong>Solo cuando esto esta claramente inculcado en el caballo, es momento de empezar con las flexiones laterales, que por cierto tienen un papel sumamente importante en el futuro entrenamiento del caballo. Pero discrepo con la idea de que esto se trate de ense\u00f1ar prematuramente, simplemente para tener m\u00e1s garant\u00edas para controlar un caballo ind\u00f3mito. Si hacemos nuestra tarea bien, imitando la yegua imperiosa de la manada, establecemos una dominancia pasiva que crea seguridad por nuestros actos de cari\u00f1o ante las decisiones deseadas de nuestros pupilos. Ante esa realidad, la menor preocupaci\u00f3n ser\u00e1 el control de un caballo rebelde. No debemos desgastar nuestros caballos en ejercicios que los desv\u00edan del objetivo principal de reaccionar a nuestras se\u00f1ales para efectuar el impulso hacia delante, hacia atr\u00e1s y dejar de impulsar para volver a un estado de relajamiento total.<\/strong><\/p>\n\n\n\n<p><strong>Recordemos que la terminolog\u00eda correcta para la metodolog\u00eda que mejor entiende el caballo, es la Doma Natural. En este sistema trataremos de hablar el lenguaje del caballo y esforzarnos a entender sus mensajes tambi\u00e9n. Los objetivos que esperamos lograr deben ser ense\u00f1ado dando opciones al caballo y premiarlo cuando escoge la alternativa deseada. Yo uso mucho refuerzo verbal y con la constancia de mis peticiones, el caballo r\u00e1pidamente aprende varias \u00f3rdenes claves. M\u00e1s importante a\u00fan, es que mi voz le hace realizar cuando hizo una decisi\u00f3n correcta y me permite tranquilizarlo en momentos de ansiedad. Esto es la base para todo lo que le ense\u00f1ar\u00e9 en el futuro y el uso continuo de estas v\u00edas de comunicaci\u00f3n har\u00e1 que nos comprendamos progresivamente con mayor sutileza.<\/strong><\/p>\n\n\n\n<p><em><strong>El autor, Randall Ray Arms, PAS es un \u201cProfesional Animal Scientist\u201d que est\u00e1 dedicado al entrenamiento natural de caballos. Si desea usar sus servicios, contactelo en: <\/strong><\/em><a href=\"mailto:randall@chileanhorse.com-\"><strong><em>randall@chileanhorse.com-<\/em><\/strong><\/a><em><strong> cel. +1 (859) 320 1224<\/strong><\/em><\/p>\n","protected":false},"excerpt":{"rendered":"<p>\u00bfDoma Racional o Doma Natural? Randall Ray Arms Hace unos a\u00f1os que se esta haciendo m\u00e1s popular el iniciar los caballos con m\u00e9todos que son m\u00e1s respetuosos del caballo que la amansa bruta que por tantos a\u00f1os ha perdurado en la tradici\u00f3n. La idea es ganarle el respeto al caballo de manera que uno puede&hellip;<\/p>\n","protected":false},"author":3,"featured_media":0,"parent":0,"menu_order":0,"comment_status":"closed","ping_status":"closed","template":"","meta":[],"_links":{"self":[{"href":"https:\/\/internationalequineinformation.com\/en\/wp-json\/wp\/v2\/pages\/1504"}],"collection":[{"href":"https:\/\/internationalequineinformation.com\/en\/wp-json\/wp\/v2\/pages"}],"about":[{"href":"https:\/\/internationalequineinformation.com\/en\/wp-json\/wp\/v2\/types\/page"}],"author":[{"embeddable":true,"href":"https:\/\/internationalequineinformation.com\/en\/wp-json\/wp\/v2\/users\/3"}],"replies":[{"embeddable":true,"href":"https:\/\/internationalequineinformation.com\/en\/wp-json\/wp\/v2\/comments?post=1504"}],"version-history":[{"count":2,"href":"https:\/\/internationalequineinformation.com\/en\/wp-json\/wp\/v2\/pages\/1504\/revisions"}],"predecessor-version":[{"id":1507,"href":"https:\/\/internationalequineinformation.com\/en\/wp-json\/wp\/v2\/pages\/1504\/revisions\/1507"}],"wp:attachment":[{"href":"https:\/\/internationalequineinformation.com\/en\/wp-json\/wp\/v2\/media?parent=1504"}],"curies":[{"name":"wp","href":"https:\/\/api.w.org\/{rel}","templated":true}]}}